{"id":2,"date":"2024-01-05T16:09:56","date_gmt":"2024-01-05T16:09:56","guid":{"rendered":"https:\/\/www.rotom.motowotom.pl\/?page_id=2"},"modified":"2024-10-13T14:58:26","modified_gmt":"2024-10-13T14:58:26","slug":"dlugosci","status":"publish","type":"page","link":"https:\/\/www.rotom.motowotom.pl\/?page_id=2","title":{"rendered":"Dostepne d\u0142ugo\u015bci"},"content":{"rendered":"\t\t<div data-elementor-type=\"wp-page\" data-elementor-id=\"2\" class=\"elementor elementor-2\">\n\t\t\t\t<div class=\"elementor-element elementor-element-55271494 e-flex e-con-boxed e-con e-parent\" data-id=\"55271494\" data-element_type=\"container\">\n\t\t\t\t\t<div class=\"e-con-inner\">\n\t\t\t\t<div class=\"elementor-element elementor-element-b257ed5 elementor-widget elementor-widget-text-editor\" data-id=\"b257ed5\" data-element_type=\"widget\" data-widget_type=\"text-editor.default\">\n\t\t\t\t<div class=\"elementor-widget-container\">\n\t\t\t\t\t\t\t<p>Dost\u0119pne d\u0142ugo\u015bci przewod\u00f3w hamulcowych w stalowym oplocie firmy Rotom<\/p>\n<p>40cm, 45cm, 50 cm, 55cm, 60cm, 65cm, 70cm, 75cm, 80cm, 85cm, 90cm, 95cm, 100cm, 105cm, 110cm, 115cm, 120cm, 125cm, 130cm, 135cm, 145cm, 155cm, 165cm, 175cm, 185cm, 195cm, 205cm, 215cm, 225cm, 235cm, 245cm<\/p>\n<p><strong>W ofercie mamy r\u00f3wnie\u017c \u015bruby do pomp i przewod\u00f3w hamulcowych firmy Rotom w rozmiaracz m10x1 oraz m10x1.25 pojedyncze i podw\u00f3jne<\/strong><\/p>\n<p>\u00a0<\/p>\t\t\t\t\t\t<\/div>\n\t\t\t\t<\/div>\n\t\t\t\t\t<\/div>\n\t\t\t\t<\/div>\n\t\t<div class=\"elementor-element elementor-element-63d72c1 e-flex e-con-boxed e-con e-parent\" data-id=\"63d72c1\" data-element_type=\"container\">\n\t\t\t\t\t<div class=\"e-con-inner\">\n\t\t<div class=\"elementor-element elementor-element-1c28c15 e-con-full e-flex e-con e-child\" data-id=\"1c28c15\" data-element_type=\"container\">\n\t\t\t\t<div class=\"elementor-element elementor-element-ca52ffa elementor-widget elementor-widget-image\" data-id=\"ca52ffa\" data-element_type=\"widget\" data-widget_type=\"image.default\">\n\t\t\t\t<div class=\"elementor-widget-container\">\n\t\t\t\t\t\t\t\t\t\t\t\t\t<img fetchpriority=\"high\" decoding=\"async\" width=\"576\" height=\"768\" src=\"https:\/\/www.rotom.motowotom.pl\/wp-content\/uploads\/2024\/03\/sruba-hamulcowa-m10-1.00.webp\" class=\"attachment-large size-large wp-image-135\" alt=\"\" srcset=\"https:\/\/www.rotom.motowotom.pl\/wp-content\/uploads\/2024\/03\/sruba-hamulcowa-m10-1.00.webp 576w, https:\/\/www.rotom.motowotom.pl\/wp-content\/uploads\/2024\/03\/sruba-hamulcowa-m10-1.00-225x300.webp 225w\" sizes=\"(max-width: 576px) 100vw, 576px\" \/>\t\t\t\t\t\t\t\t\t\t\t\t\t<\/div>\n\t\t\t\t<\/div>\n\t\t\t\t<\/div>\n\t\t<div class=\"elementor-element elementor-element-bfd2640 e-con-full e-flex e-con e-child\" data-id=\"bfd2640\" data-element_type=\"container\">\n\t\t\t\t<div class=\"elementor-element elementor-element-b7098f7 elementor-widget elementor-widget-image\" data-id=\"b7098f7\" data-element_type=\"widget\" data-widget_type=\"image.default\">\n\t\t\t\t<div class=\"elementor-widget-container\">\n\t\t\t\t\t\t\t\t\t\t\t\t\t<img decoding=\"async\" width=\"576\" height=\"768\" src=\"https:\/\/www.rotom.motowotom.pl\/wp-content\/uploads\/2024\/03\/sruba-hamulcowa6.webp\" class=\"attachment-large size-large wp-image-120\" alt=\"\" srcset=\"https:\/\/www.rotom.motowotom.pl\/wp-content\/uploads\/2024\/03\/sruba-hamulcowa6.webp 576w, https:\/\/www.rotom.motowotom.pl\/wp-content\/uploads\/2024\/03\/sruba-hamulcowa6-225x300.webp 225w\" sizes=\"(max-width: 576px) 100vw, 576px\" \/>\t\t\t\t\t\t\t\t\t\t\t\t\t<\/div>\n\t\t\t\t<\/div>\n\t\t\t\t<\/div>\n\t\t<div class=\"elementor-element elementor-element-78aa86f e-con-full e-flex e-con e-child\" data-id=\"78aa86f\" data-element_type=\"container\">\n\t\t\t\t<div class=\"elementor-element elementor-element-2fe8cd5 elementor-widget elementor-widget-image\" data-id=\"2fe8cd5\" data-element_type=\"widget\" data-widget_type=\"image.default\">\n\t\t\t\t<div class=\"elementor-widget-container\">\n\t\t\t\t\t\t\t\t\t\t\t\t\t<img decoding=\"async\" width=\"576\" height=\"768\" src=\"https:\/\/www.rotom.motowotom.pl\/wp-content\/uploads\/2024\/03\/sruba-hamulcowa-1.00-2.webp\" class=\"attachment-large size-large wp-image-116\" alt=\"\" srcset=\"https:\/\/www.rotom.motowotom.pl\/wp-content\/uploads\/2024\/03\/sruba-hamulcowa-1.00-2.webp 576w, https:\/\/www.rotom.motowotom.pl\/wp-content\/uploads\/2024\/03\/sruba-hamulcowa-1.00-2-225x300.webp 225w\" sizes=\"(max-width: 576px) 100vw, 576px\" \/>\t\t\t\t\t\t\t\t\t\t\t\t\t<\/div>\n\t\t\t\t<\/div>\n\t\t\t\t<\/div>\n\t\t<div class=\"elementor-element elementor-element-c3b576e e-con-full e-flex e-con e-child\" data-id=\"c3b576e\" data-element_type=\"container\">\n\t\t\t\t<div class=\"elementor-element elementor-element-9c1c052 elementor-widget elementor-widget-image\" data-id=\"9c1c052\" data-element_type=\"widget\" data-widget_type=\"image.default\">\n\t\t\t\t<div class=\"elementor-widget-container\">\n\t\t\t\t\t\t\t\t\t\t\t\t\t<img loading=\"lazy\" decoding=\"async\" width=\"576\" height=\"768\" src=\"https:\/\/www.rotom.motowotom.pl\/wp-content\/uploads\/2024\/03\/sruba-hamulcowa-podwojna-23.webp\" class=\"attachment-large size-large wp-image-107\" alt=\"\" srcset=\"https:\/\/www.rotom.motowotom.pl\/wp-content\/uploads\/2024\/03\/sruba-hamulcowa-podwojna-23.webp 576w, https:\/\/www.rotom.motowotom.pl\/wp-content\/uploads\/2024\/03\/sruba-hamulcowa-podwojna-23-225x300.webp 225w\" sizes=\"(max-width: 576px) 100vw, 576px\" \/>\t\t\t\t\t\t\t\t\t\t\t\t\t<\/div>\n\t\t\t\t<\/div>\n\t\t\t\t<\/div>\n\t\t\t\t\t<\/div>\n\t\t\t\t<\/div>\n\t\t<div class=\"elementor-element elementor-element-774a30c e-flex e-con-boxed e-con e-parent\" data-id=\"774a30c\" data-element_type=\"container\">\n\t\t\t\t\t<div class=\"e-con-inner\">\n\t\t\t\t<div class=\"elementor-element elementor-element-03ed6c1 elementor-widget elementor-widget-image\" data-id=\"03ed6c1\" data-element_type=\"widget\" data-widget_type=\"image.default\">\n\t\t\t\t<div class=\"elementor-widget-container\">\n\t\t\t\t\t\t\t\t\t\t\t\t\t<img loading=\"lazy\" decoding=\"async\" width=\"576\" height=\"768\" src=\"https:\/\/www.rotom.motowotom.pl\/wp-content\/uploads\/2024\/03\/trojnik-hamulcowy.webp\" class=\"attachment-large size-large wp-image-136\" alt=\"\" srcset=\"https:\/\/www.rotom.motowotom.pl\/wp-content\/uploads\/2024\/03\/trojnik-hamulcowy.webp 576w, https:\/\/www.rotom.motowotom.pl\/wp-content\/uploads\/2024\/03\/trojnik-hamulcowy-225x300.webp 225w\" sizes=\"(max-width: 576px) 100vw, 576px\" \/>\t\t\t\t\t\t\t\t\t\t\t\t\t<\/div>\n\t\t\t\t<\/div>\n\t\t\t\t\t<\/div>\n\t\t\t\t<\/div>\n\t\t\t\t<\/div>\n\t\t","protected":false},"excerpt":{"rendered":"<p>Dost\u0119pne d\u0142ugo\u015bci przewod\u00f3w hamulcowych w stalowym oplocie firmy Rotom 40cm, 45cm, 50 cm, 55cm, 60cm, 65cm, 70cm, 75cm, 80cm, 85cm, 90cm, 95cm, 100cm, 105cm, 110cm, 115cm, 120cm, 125cm, 130cm, 135cm, 145cm, 155cm, 165cm, 175cm, 185cm, 195cm, 205cm, 215cm, 225cm, 235cm, 245cm W ofercie mamy r\u00f3wnie\u017c \u015bruby do pomp i przewod\u00f3w hamulcowych firmy Rotom w rozmiaracz [&hellip;]<\/p>\n","protected":false},"author":1,"featured_media":0,"parent":0,"menu_order":0,"comment_status":"closed","ping_status":"closed","template":"","meta":{"footnotes":""},"class_list":["post-2","page","type-page","status-publish","hentry"],"_links":{"self":[{"href":"https:\/\/www.rotom.motowotom.pl\/index.php?rest_route=\/wp\/v2\/pages\/2"}],"collection":[{"href":"https:\/\/www.rotom.motowotom.pl\/index.php?rest_route=\/wp\/v2\/pages"}],"about":[{"href":"https:\/\/www.rotom.motowotom.pl\/index.php?rest_route=\/wp\/v2\/types\/page"}],"author":[{"embeddable":true,"href":"https:\/\/www.rotom.motowotom.pl\/index.php?rest_route=\/wp\/v2\/users\/1"}],"replies":[{"embeddable":true,"href":"https:\/\/www.rotom.motowotom.pl\/index.php?rest_route=%2Fwp%2Fv2%2Fcomments&post=2"}],"version-history":[{"count":17,"href":"https:\/\/www.rotom.motowotom.pl\/index.php?rest_route=\/wp\/v2\/pages\/2\/revisions"}],"predecessor-version":[{"id":216,"href":"https:\/\/www.rotom.motowotom.pl\/index.php?rest_route=\/wp\/v2\/pages\/2\/revisions\/216"}],"wp:attachment":[{"href":"https:\/\/www.rotom.motowotom.pl\/index.php?rest_route=%2Fwp%2Fv2%2Fmedia&parent=2"}],"curies":[{"name":"wp","href":"https:\/\/api.w.org\/{rel}","templated":true}]}}